{"id":54,"date":"2021-10-06T14:00:46","date_gmt":"2021-10-06T12:00:46","guid":{"rendered":"https:\/\/malzkorn.de\/digi2021\/?page_id=54"},"modified":"2022-01-28T10:01:28","modified_gmt":"2022-01-28T09:01:28","slug":"unternehmensstruktur","status":"publish","type":"page","link":"https:\/\/www.avgkoeln.de\/avg_nachhaltigkeitsbericht_2020\/?page_id=54","title":{"rendered":"Unternehmensstruktur"},"content":{"rendered":"<p>[et_pb_section fb_built=&#8220;1&#8243; admin_label=&#8220;Header Unterseiten&#8220; _builder_version=&#8220;4.11.1&#8243; _module_preset=&#8220;fb1527ff-da70-4e1f-9586-0ad5ba39e83a&#8220; min_height=&#8220;auto&#8220; height=&#8220;auto&#8220; max_height=&#8220;none&#8220; custom_margin=&#8220;0px|0px|0px|0px|false|false&#8220; custom_padding=&#8220;50px|50px|0px|50px|false|false&#8220; collapsed=&#8220;off&#8220; global_colors_info=&#8220;{}&#8220;][et_pb_row column_structure=&#8220;2_5,3_5&#8243; _builder_version=&#8220;4.11.1&#8243; _module_preset=&#8220;abeeeeb8-d367-49a2-a7ff-5354fff4c7d3&#8243; background_enable_image=&#8220;off&#8220; min_height=&#8220;550px&#8220; height=&#8220;550px&#8220; max_height=&#8220;550px&#8220; collapsed=&#8220;on&#8220; global_colors_info=&#8220;{}&#8220;][et_pb_column type=&#8220;2_5&#8243; _builder_version=&#8220;4.11.1&#8243; _dynamic_attributes=&#8220;link_option_url&#8220; _module_preset=&#8220;default&#8220; background_color=&#8220;#c6c6c6&#8243; background_image=&#8220;https:\/\/www.avgkoeln.de\/avg_nachhaltigkeitsbericht_2020\/wp-content\/uploads\/2021\/10\/Unternehmensstruktur_01-web.jpg&#8220; custom_padding=&#8220;||||false|false&#8220; custom_padding_tablet=&#8220;100px||100px||false|false&#8220; custom_padding_phone=&#8220;&#8220; custom_padding_last_edited=&#8220;on|tablet&#8220; link_option_url=&#8220;@ET-DC@eyJkeW5hbWljIjp0cnVlLCJjb250ZW50IjoicG9zdF9saW5rX3VybF9wYWdlIiwic2V0dGluZ3MiOnsicG9zdF9pZCI6IjYwIn19@&#8220; global_colors_info=&#8220;{}&#8220; background__hover_enabled=&#8220;off|desktop&#8220; background_color__hover=&#8220;rgba(0,98,152,0.73)&#8220; background_enable_color__hover=&#8220;on&#8220;][\/et_pb_column][et_pb_column type=&#8220;3_5&#8243; _builder_version=&#8220;4.11.1&#8243; _dynamic_attributes=&#8220;link_option_url&#8220; _module_preset=&#8220;default&#8220; background_color=&#8220;#6cace4&#8243; background_enable_image=&#8220;off&#8220; parallax=&#8220;on&#8220; custom_padding=&#8220;||||false|false&#8220; custom_padding_tablet=&#8220;20px||100px||false|false&#8220; custom_padding_phone=&#8220;&#8220; custom_padding_last_edited=&#8220;on|tablet&#8220; link_option_url=&#8220;@ET-DC@eyJkeW5hbWljIjp0cnVlLCJjb250ZW50IjoicG9zdF9saW5rX3VybF9wYWdlIiwic2V0dGluZ3MiOnsicG9zdF9pZCI6IjU0In19@&#8220; global_colors_info=&#8220;{}&#8220; background__hover_enabled=&#8220;off|desktop&#8220; background_color__hover=&#8220;rgba(108,172,228,0.71)&#8220; background_enable_color__hover=&#8220;on&#8220;][et_pb_text _builder_version=&#8220;4.11.1&#8243; _module_preset=&#8220;3e5bfaf3-f871-4b85-9ad1-dd3e9845d179&#8243; header_font_size=&#8220;60px&#8220; min_height=&#8220;auto&#8220; custom_margin=&#8220;40px||50px|50px|false|false&#8220; custom_padding=&#8220;0px|0px|0px|0px|false|false&#8220; global_colors_info=&#8220;{}&#8220;]<\/p>\n<h1>Unternehmensstruktur<\/h1>\n<p>[\/et_pb_text][et_pb_image src=&#8220;https:\/\/www.avgkoeln.de\/avg_nachhaltigkeitsbericht_2020\/wp-content\/uploads\/2021\/12\/Unternehmen-Neu.png&#8220; title_text=&#8220;Unternehmen-Neu&#8220; show_bottom_space=&#8220;off&#8220; align=&#8220;right&#8220; _builder_version=&#8220;4.11.1&#8243; _module_preset=&#8220;default&#8220; transform_translate=&#8220;0px|3px&#8220; positioning=&#8220;absolute&#8220; position_origin_a=&#8220;bottom_right&#8220; width=&#8220;35%&#8220; width_tablet=&#8220;25%&#8220; width_phone=&#8220;35%&#8220; width_last_edited=&#8220;on|tablet&#8220; max_width=&#8220;35%&#8220; custom_margin=&#8220;||40px||false|false&#8220; custom_padding=&#8220;|40px|||false|false&#8220; global_colors_info=&#8220;{}&#8220;][\/et_pb_image][\/et_pb_column][\/et_pb_row][\/et_pb_section][et_pb_section fb_built=&#8220;1&#8243; admin_label=&#8220;Content&#8220; _builder_version=&#8220;4.11.1&#8243; _module_preset=&#8220;default&#8220; width=&#8220;100%&#8220; max_width=&#8220;100%&#8220; custom_padding=&#8220;0px|50px|50px|50px|false|false&#8220; global_colors_info=&#8220;{}&#8220;][et_pb_row column_structure=&#8220;1_5,1_5,3_5&#8243; _builder_version=&#8220;4.11.1&#8243; _module_preset=&#8220;39919aa8-b191-4761-bae3-3380b9dd0cd7&#8243; global_colors_info=&#8220;{}&#8220;][et_pb_column type=&#8220;1_5&#8243; _builder_version=&#8220;4.11.1&#8243; _module_preset=&#8220;default&#8220; global_colors_info=&#8220;{}&#8220;][et_pb_text _builder_version=&#8220;4.11.1&#8243; _module_preset=&#8220;f14ab869-1c1d-4ace-87a6-05c3fcf66053&#8243; scroll_vertical_motion=&#8220;3|49|49|100|4|0|1&#8243; motion_trigger_start=&#8220;top&#8220; global_colors_info=&#8220;{}&#8220;]Nachhaltigkeitsbericht<br \/>\n2018 \u2013 2020<br \/>\nder AVG K\u00f6ln[\/et_pb_text][\/et_pb_column][et_pb_column type=&#8220;1_5&#8243; _builder_version=&#8220;4.11.1&#8243; _module_preset=&#8220;default&#8220; global_colors_info=&#8220;{}&#8220;][et_pb_image src=&#8220;https:\/\/www.avgkoeln.de\/avg_nachhaltigkeitsbericht_2020\/wp-content\/uploads\/2021\/12\/1LOGO_AVG_FINAL_2013_NEGATIV_RZ_1000.png&#8220; title_text=&#8220;1LOGO_AVG_FINAL_2013_NEGATIV_RZ_1000&#8243; _builder_version=&#8220;4.11.1&#8243; _module_preset=&#8220;272a88eb-5efb-400c-a8c2-5dc35e799886&#8243; global_colors_info=&#8220;{}&#8220;][\/et_pb_image][\/et_pb_column][et_pb_column type=&#8220;3_5&#8243; _builder_version=&#8220;4.11.1&#8243; _module_preset=&#8220;4d5e29bc-87a8-441c-ab7f-f1dc704c2fb1&#8243; global_colors_info=&#8220;{}&#8220;][et_pb_text _builder_version=&#8220;4.11.1&#8243; _module_preset=&#8220;default&#8220; custom_margin=&#8220;120px||50px||false|false&#8220; custom_margin_tablet=&#8220;60px||25px||false|false&#8220; custom_margin_phone=&#8220;&#8220; custom_margin_last_edited=&#8220;on|tablet&#8220; global_colors_info=&#8220;{}&#8220;]<\/p>\n<h1>Erl\u00e4uterung Gesch\u00e4ftsmodell<\/h1>\n<p>[\/et_pb_text][et_pb_text _builder_version=&#8220;4.11.1&#8243; _module_preset=&#8220;default&#8220; global_colors_info=&#8220;{}&#8220;]Die AVG K\u00f6ln ist ein mittelst\u00e4ndisches Unternehmen der Abfallwirtschaft in K\u00f6ln. Gegr\u00fcndet 1992, betreibt sie im Auftrag der Stadt K\u00f6ln Anlagen zur stofflichen und thermischen Verwertung des Abfalls. Gemeinsam mit ihren Tochtergesellschaften AVG Kompostierung, AVG Ressourcen und AVG Service stellt sie der Kommune, deren B\u00fcrgerinnen und B\u00fcrgern wie insbesondere auch den in der Rheinmetropole ans\u00e4ssigen Unternehmen eine Vielzahl von abfallwirtschaftlichen Dienstleistungen zur Verf\u00fcgung.<\/p>\n<p><span>Die gesetzliche Grundlage ihres Handelns bildet die Abfallrahmenrichtlinie der Europ\u00e4ischen Union vom 19. November 2008 in Verbindung mit dem Kreislaufwirtschaftsgesetz vom 24. Februar 2012 jeweils in der aktuellen Fassung. Daraus leiten sich weitere Richtlinien und Verordnungen ab, die f\u00fcr die AVG K\u00f6ln und ihre Tochtergesellschaften bindend sind.<\/span><\/p>\n<p><span>Der Schwerpunkt ihrer T\u00e4tigkeit liegt in der Region K\u00f6ln. Vorrang hat die Verarbeitung des Abfalls aus den K\u00f6lner Privathaushalten, sei es Bioabfall, Sperrm\u00fcll oder Resthausm\u00fcll. Dazu hat die Stadt K\u00f6ln mit der AVG K\u00f6ln einen Entsorgungsvertrag geschlossen, der u.a. umfasst, dass zuerst der Siedlungsabfall aus den Haushalten verarbeitet werden muss, ehe Abf\u00e4lle aus dem Gewerbe oder der Industrie bzw. aus dem Umland behandelt werden k\u00f6nnen. Die Kompostierungsanlage, die Sperrm\u00fcllaufbereitungsanlage wie auch die Restm\u00fcllverbrennungsanlage tragen dem Rechnung.<br \/>\n<\/span><\/p>\n<p><span>Das K\u00f6lner Abfallwirtschaftskonzept beschreibt bereits in seiner ersten Fassung vom 13. Dezember 1988 die Behandlung nicht nur von Abf\u00e4llen aus privaten Haushalten, sondern auch von Gewerbe- und Baustellenabf\u00e4llen. Die AVG K\u00f6ln setzte diese Vorgaben um, indem die AVG Ressourcen beauftragt wurde, entsprechende Sortieranlagen zu betreiben.<\/span><span style=\"font-size: 22px;\">&nbsp;<\/span>[\/et_pb_text][et_pb_image src=&#8220;https:\/\/www.avgkoeln.de\/avg_nachhaltigkeitsbericht_2020\/wp-content\/uploads\/2021\/10\/Organigramm.png&#8220; title_text=&#8220;Organigramm&#8220; _builder_version=&#8220;4.11.1&#8243; _module_preset=&#8220;default&#8220; custom_margin=&#8220;50px||50px||false|false&#8220; animation_style=&#8220;zoom&#8220; animation_direction=&#8220;top&#8220; animation_delay=&#8220;250ms&#8220; animation_intensity_zoom=&#8220;100%&#8220; hover_transition_speed_curve=&#8220;ease-in-out&#8220; global_colors_info=&#8220;{}&#8220;][\/et_pb_image][et_pb_text _builder_version=&#8220;4.11.1&#8243; _module_preset=&#8220;default&#8220; custom_margin=&#8220;||25px||false|false&#8220; global_colors_info=&#8220;{}&#8220;]<\/p>\n<h2>Standorte und Tochtergesellschaften<\/h2>\n<p><span>Im Anlagenportfolio der AVG K\u00f6ln und ihrer Tochtergesellschaften befinden sich:<\/span><span><\/span>[\/et_pb_text][et_pb_toggle title=&#8220;Sortierung und Verwertung von Baumisch- und Gewerbeabf\u00e4llen&#8220; _builder_version=&#8220;4.11.1&#8243; _module_preset=&#8220;d6f63ee9-80a2-4732-9054-57f0f4c77fab&#8220; global_colors_info=&#8220;{}&#8220;]<span><img loading=\"lazy\" decoding=\"async\" src=\"https:\/\/www.avgkoeln.de\/avg_nachhaltigkeitsbericht_2020\/wp-content\/uploads\/2021\/12\/Sortieranlage_Web-300x200.jpg\" width=\"300\" height=\"200\" alt=\"\" class=\"wp-image-235024 alignleft size-medium\">zwei Anla<\/span>gen zur&nbsp;<strong>Sortierung und Verwertung von Baumisch- und Gewerbeabf\u00e4llen<\/strong>&nbsp;mit einer Gesamtkapazit\u00e4t von \u00fcber 350.000 Jahrestonnen[\/et_pb_toggle][et_pb_toggle title=&#8220;Kompostierungsanlage&#8220; _builder_version=&#8220;4.11.1&#8243; _module_preset=&#8220;d6f63ee9-80a2-4732-9054-57f0f4c77fab&#8220; global_colors_info=&#8220;{}&#8220;]<span><img loading=\"lazy\" decoding=\"async\" src=\"https:\/\/www.avgkoeln.de\/avg_nachhaltigkeitsbericht_2020\/wp-content\/uploads\/2022\/01\/Kompostierung-Neu-300x200.jpg\" width=\"300\" height=\"200\" alt=\"\" class=\"wp-image-235185 alignleft size-medium\">eine <strong>Kompostierungsanlage<\/strong>&nbsp;mit einer Kapazit\u00e4t von \u00fcber 100.000 Jahrestonnen\u037e<\/span>[\/et_pb_toggle][et_pb_toggle title=&#8220;Verg\u00e4rungsanlage&#8220; _builder_version=&#8220;4.11.1&#8243; _module_preset=&#8220;d6f63ee9-80a2-4732-9054-57f0f4c77fab&#8220; global_colors_info=&#8220;{}&#8220;]<span><img loading=\"lazy\" decoding=\"async\" src=\"https:\/\/www.avgkoeln.de\/avg_nachhaltigkeitsbericht_2020\/wp-content\/uploads\/2021\/12\/Vergaerung_Web-300x200.jpg\" width=\"300\" height=\"200\" alt=\"\" class=\"wp-image-235026 alignleft size-medium\">eine&nbsp;<strong>Verg\u00e4rungsanlage<\/strong>&nbsp;mit einer Kapazit\u00e4t von 20.000 Jahrestonnen\u037e<\/span>[\/et_pb_toggle][et_pb_toggle title=&#8220;Sperrm\u00fcllaufbereitungsanlage&#8220; _builder_version=&#8220;4.11.1&#8243; _module_preset=&#8220;d6f63ee9-80a2-4732-9054-57f0f4c77fab&#8220; global_colors_info=&#8220;{}&#8220;]<span><img loading=\"lazy\" decoding=\"async\" src=\"https:\/\/www.avgkoeln.de\/avg_nachhaltigkeitsbericht_2020\/wp-content\/uploads\/2022\/01\/Sperrmuellaufbereitungsanlage-300x200.png\" width=\"300\" height=\"200\" alt=\"\" class=\"wp-image-235247 alignleft size-medium\">eine <strong>Sperrm\u00fcllaufbereitungsanlage<\/strong>&nbsp;f\u00fcr rund 60.000 Jahrestonnen\u037e<\/span>[\/et_pb_toggle][et_pb_toggle title=&#8220;Holzaufbereitungsanlage&#8220; _builder_version=&#8220;4.11.1&#8243; _module_preset=&#8220;d6f63ee9-80a2-4732-9054-57f0f4c77fab&#8220; global_colors_info=&#8220;{}&#8220;]<span><img loading=\"lazy\" decoding=\"async\" src=\"https:\/\/www.avgkoeln.de\/avg_nachhaltigkeitsbericht_2020\/wp-content\/uploads\/2021\/12\/Altholzaufbereitung_Web-300x200.jpg\" width=\"300\" height=\"200\" alt=\"\" class=\"wp-image-235028 alignleft size-medium\">eine&nbsp;<strong>Holzaufbereitungsanlage<\/strong>&nbsp;f\u00fcr bis zu 100.000 Jahrestonnen\u037e<\/span>[\/et_pb_toggle][et_pb_toggle title=&#8220;Restm\u00fcllverbrennungsanlage&#8220; _builder_version=&#8220;4.11.1&#8243; _module_preset=&#8220;d6f63ee9-80a2-4732-9054-57f0f4c77fab&#8220; global_colors_info=&#8220;{}&#8220;]<span><img loading=\"lazy\" decoding=\"async\" src=\"https:\/\/www.avgkoeln.de\/avg_nachhaltigkeitsbericht_2020\/wp-content\/uploads\/2021\/12\/RMVA_Web-300x240.jpg\" width=\"300\" height=\"240\" alt=\"\" class=\"wp-image-235029 alignleft size-medium\">eine&nbsp;<strong>Restm\u00fcllverbrennungsanlage<\/strong>&nbsp;mit einer genehmigten j\u00e4hrlichen Verbrennungsleistung von maximal 780.000 Tonnen. Die Restm\u00fcllverbrennungsanlage ist zugleich ein Kraftwerk mit einer Leistung von 56 Megawatt\u037e<\/span>[\/et_pb_toggle][et_pb_toggle title=&#8220;Inertstoffdeponie&#8220; _builder_version=&#8220;4.11.1&#8243; _module_preset=&#8220;d6f63ee9-80a2-4732-9054-57f0f4c77fab&#8220; global_colors_info=&#8220;{}&#8220;]<span><img loading=\"lazy\" decoding=\"async\" src=\"https:\/\/www.avgkoeln.de\/avg_nachhaltigkeitsbericht_2020\/wp-content\/uploads\/2021\/12\/Inertstoff_Deponie_Web-300x200.jpg\" width=\"300\" height=\"200\" alt=\"\" class=\"wp-image-235030 alignleft size-medium\">eine&nbsp;<strong>Inertstoffdeponie<\/strong>&nbsp;mit einem Restverf\u00fcllvolumen von knapp drei Millionen Kubikmetern\u037e<\/span>[\/et_pb_toggle][et_pb_toggle title=&#8220;Blockheizkraftwerk auf der Deponie Vereinigte Ville&#8220; _builder_version=&#8220;4.11.1&#8243; _module_preset=&#8220;d6f63ee9-80a2-4732-9054-57f0f4c77fab&#8220; global_colors_info=&#8220;{}&#8220;]<span><img loading=\"lazy\" decoding=\"async\" src=\"https:\/\/www.avgkoeln.de\/avg_nachhaltigkeitsbericht_2020\/wp-content\/uploads\/2021\/12\/Blockheizkraftwerk_Deponie_Web-300x200.jpg\" width=\"300\" height=\"200\" alt=\"\" class=\"wp-image-235031 alignleft size-medium\">ein&nbsp;<strong>Blockheizkraftwerk auf der Deponie Vereinigte Ville<\/strong>&nbsp;mit einer Leistung von drei Megawatt zur energetischen Nutzung des anfallenden Deponiegases sowie<\/span>[\/et_pb_toggle][et_pb_toggle title=&#8220;Fluffanlage&#8220; _builder_version=&#8220;4.11.1&#8243; _module_preset=&#8220;d6f63ee9-80a2-4732-9054-57f0f4c77fab&#8220; global_colors_info=&#8220;{}&#8220;]<span><img loading=\"lazy\" decoding=\"async\" src=\"https:\/\/www.avgkoeln.de\/avg_nachhaltigkeitsbericht_2020\/wp-content\/uploads\/2022\/01\/Fluuanlage-Web-300x200.jpg\" width=\"300\" height=\"200\" alt=\"\" class=\"wp-image-235186 alignleft size-medium\">eine <strong>Fluffanlage<\/strong> zur Herstellung energiereicher Kunststoffabf\u00e4lle mit einer Kapazit\u00e4t von 20.000 Jahrestonnnen\u037e<\/span>[\/et_pb_toggle][et_pb_text _builder_version=&#8220;4.11.1&#8243; _module_preset=&#8220;default&#8220; custom_margin=&#8220;25px||||false|false&#8220; global_colors_info=&#8220;{}&#8220;]und zudem<\/p>\n<p>&nbsp;<\/p>\n<ul>\n<li><span style=\"font-size: 22px;\">zwei <strong>Solaranlagen<\/strong> auf den D\u00e4chern der Kompostierungsanlage bzw. der ehemaligen <\/span>Rostascheaufbereitungsanlage \u2013 betrieben und im Eigentum der RheinEnergie AG.<\/li>\n<li>eine <strong>Kooperation mit den Stadtentw\u00e4sserungsbetrieben K\u00f6ln<\/strong> f\u00fcr die Co-Fermentation von Alt\u00f6len und Altfetten<\/li>\n<li>eine <strong>Kooperation mit New West Gypsum<\/strong> f\u00fcr das Gipsrecycling<\/li>\n<\/ul>\n<p>[\/et_pb_text][et_pb_image src=&#8220;https:\/\/www.avgkoeln.de\/avg_nachhaltigkeitsbericht_2020\/wp-content\/uploads\/2021\/10\/Standorte.png&#8220; title_text=&#8220;Standorte&#8220; force_fullwidth=&#8220;on&#8220; _builder_version=&#8220;4.11.1&#8243; _module_preset=&#8220;default&#8220; custom_margin=&#8220;20px||20px||false|false&#8220; animation_style=&#8220;zoom&#8220; animation_direction=&#8220;top&#8220; animation_delay=&#8220;250ms&#8220; animation_intensity_zoom=&#8220;100%&#8220; hover_transition_speed_curve=&#8220;ease-in-out&#8220; global_colors_info=&#8220;{}&#8220;][\/et_pb_image][et_pb_text _builder_version=&#8220;4.11.1&#8243; _module_preset=&#8220;default&#8220; custom_margin=&#8220;25px||||false|false&#8220; global_colors_info=&#8220;{}&#8220;]<\/p>\n<h3>F\u00fchrungsstruktur<\/h3>\n<p>[\/et_pb_text][et_pb_image src=&#8220;https:\/\/www.avgkoeln.de\/avg_nachhaltigkeitsbericht_2020\/wp-content\/uploads\/2022\/01\/AVG_Organigramm-neu.png&#8220; title_text=&#8220;AVG_Organigramm-neu&#8220; force_fullwidth=&#8220;on&#8220; _builder_version=&#8220;4.11.1&#8243; _module_preset=&#8220;default&#8220; custom_margin=&#8220;20px||20px||false|false&#8220; animation_style=&#8220;zoom&#8220; animation_direction=&#8220;top&#8220; animation_delay=&#8220;250ms&#8220; animation_intensity_zoom=&#8220;100%&#8220; global_colors_info=&#8220;{}&#8220;][\/et_pb_image][et_pb_text _builder_version=&#8220;4.11.1&#8243; _module_preset=&#8220;default&#8220; custom_margin=&#8220;50px||25px||false|false&#8220; global_colors_info=&#8220;{}&#8220;]<\/p>\n<h3><strong>Kontrollorgane<\/strong><\/h3>\n<p><strong><\/strong>[\/et_pb_text][et_pb_image src=&#8220;https:\/\/www.avgkoeln.de\/avg_nachhaltigkeitsbericht_2020\/wp-content\/uploads\/2022\/01\/AVG_Kontrollorgane.png&#8220; title_text=&#8220;AVG_Kontrollorgane&#8220; _builder_version=&#8220;4.11.1&#8243; _module_preset=&#8220;default&#8220; animation_style=&#8220;zoom&#8220; animation_direction=&#8220;top&#8220; animation_delay=&#8220;250ms&#8220; animation_intensity_zoom=&#8220;100%&#8220; global_colors_info=&#8220;{}&#8220;][\/et_pb_image][et_pb_text _builder_version=&#8220;4.11.1&#8243; _module_preset=&#8220;default&#8220; custom_margin=&#8220;100px||||false|false&#8220; global_colors_info=&#8220;{}&#8220;]<\/p>\n<h2>Wirtschaftsdaten<\/h2>\n<p>[\/et_pb_text][et_pb_text _builder_version=&#8220;4.11.1&#8243; _module_preset=&#8220;default&#8220; global_colors_info=&#8220;{}&#8220;]<\/p>\n<h3>Umsatz AVG K\u00f6ln (in Mio. Euro)&nbsp;<\/h3>\n<p>[\/et_pb_text][elegantchart categories=&#8220;2018,2019,2020&#8243; chart_style=&#8220;bar&#8220; monochrome=&#8220;on&#8220; monochrome_color=&#8220;#509e2f&#8220; chartheight=&#8220;400&#8243; show_x=&#8220;off&#8220; show_y=&#8220;off&#8220; _builder_version=&#8220;4.11.1&#8243; _module_preset=&#8220;default&#8220; custom_padding=&#8220;||||false|false&#8220; animation_style=&#8220;fade&#8220; animation_duration=&#8220;1500ms&#8220; animation_delay=&#8220;300ms&#8220; animation_starting_opacity=&#8220;100%&#8220; global_colors_info=&#8220;{}&#8220;][elegantchart_child data=&#8220;98.7,101.4,107.7&#8243; _builder_version=&#8220;4.11.1&#8243; _module_preset=&#8220;default&#8220; global_colors_info=&#8220;{}&#8220;][\/elegantchart_child][\/elegantchart][et_pb_text _builder_version=&#8220;4.11.1&#8243; _module_preset=&#8220;default&#8220; custom_margin=&#8220;35px||||false|false&#8220; global_colors_info=&#8220;{}&#8220;]<\/p>\n<h3>Ergebnis AVG K\u00f6ln (in Mio. Euro)<\/h3>\n<p>[\/et_pb_text][elegantchart categories=&#8220;2018,2019,2020&#8243; chart_style=&#8220;bar&#8220; monochrome=&#8220;on&#8220; monochrome_color=&#8220;#509e2f&#8220; chartheight=&#8220;400&#8243; chart_scroll=&#8220;off&#8220; show_x=&#8220;off&#8220; show_y=&#8220;off&#8220; _builder_version=&#8220;4.11.1&#8243; _module_preset=&#8220;default&#8220; custom_padding=&#8220;||||false|false&#8220; animation_style=&#8220;fade&#8220; animation_duration=&#8220;1500ms&#8220; animation_delay=&#8220;950ms&#8220; global_colors_info=&#8220;{}&#8220;][elegantchart_child data=&#8220;17.2,18.1,19.3&#8243; _builder_version=&#8220;4.11.1&#8243; _module_preset=&#8220;default&#8220; global_colors_info=&#8220;{}&#8220;][\/elegantchart_child][\/elegantchart][et_pb_text _builder_version=&#8220;4.11.1&#8243; _module_preset=&#8220;default&#8220; custom_margin=&#8220;50px||||false|false&#8220; global_colors_info=&#8220;{}&#8220;]<\/p>\n<h3>Mitarbeiter AVG K\u00f6ln (Jahresdurchschnitt)<\/h3>\n<p>[\/et_pb_text][et_pb_counters _builder_version=&#8220;4.11.1&#8243; _module_preset=&#8220;default&#8220; global_colors_info=&#8220;{}&#8220;][et_pb_counter percent=&#8220;76&#8243; _builder_version=&#8220;4.11.1&#8243; _module_preset=&#8220;default&#8220; background_enable_video_mp4=&#8220;on&#8220; background_enable_video_webm=&#8220;on&#8220; global_colors_info=&#8220;{}&#8220; background_color_default=&#8220;RGBA(0,0,0,0)&#8220; background_enable_color_default=&#8220;on&#8220; parallax_default=&#8220;off&#8220; parallax_method_default=&#8220;on&#8220; bar_background_color_default=&#8220;#509E2F&#8220; use_percentages=&#8220;off&#8220;]2018[\/et_pb_counter][\/et_pb_counters][et_pb_text _builder_version=&#8220;4.11.1&#8243; _module_preset=&#8220;default&#8220; text_font=&#8220;||||||||&#8220; text_text_color=&#8220;#509E2F&#8220; text_font_size=&#8220;20px&#8220; global_colors_info=&#8220;{}&#8220;]214[\/et_pb_text][et_pb_counters _builder_version=&#8220;4.11.1&#8243; _module_preset=&#8220;default&#8220; global_colors_info=&#8220;{}&#8220;][et_pb_counter percent=&#8220;80&#8243; _builder_version=&#8220;4.11.1&#8243; _module_preset=&#8220;default&#8220; background_enable_video_mp4=&#8220;on&#8220; background_enable_video_webm=&#8220;on&#8220; global_colors_info=&#8220;{}&#8220; background_color_default=&#8220;RGBA(0,0,0,0)&#8220; background_enable_color_default=&#8220;on&#8220; parallax_default=&#8220;off&#8220; parallax_method_default=&#8220;on&#8220; bar_background_color_default=&#8220;#509E2F&#8220; use_percentages=&#8220;off&#8220;]2019[\/et_pb_counter][\/et_pb_counters][et_pb_text _builder_version=&#8220;4.11.1&#8243; _module_preset=&#8220;default&#8220; text_font=&#8220;||||||||&#8220; text_text_color=&#8220;#509E2F&#8220; text_font_size=&#8220;20px&#8220; global_colors_info=&#8220;{}&#8220;]224[\/et_pb_text][et_pb_counters _builder_version=&#8220;4.11.1&#8243; _module_preset=&#8220;default&#8220; global_colors_info=&#8220;{}&#8220;][et_pb_counter percent=&#8220;79&#8243; _builder_version=&#8220;4.11.1&#8243; _module_preset=&#8220;default&#8220; background_enable_video_mp4=&#8220;on&#8220; background_enable_video_webm=&#8220;on&#8220; global_colors_info=&#8220;{}&#8220; background_color_default=&#8220;RGBA(0,0,0,0)&#8220; background_enable_color_default=&#8220;on&#8220; parallax_default=&#8220;off&#8220; parallax_method_default=&#8220;on&#8220; bar_background_color_default=&#8220;#509E2F&#8220; use_percentages=&#8220;off&#8220;]2020[\/et_pb_counter][\/et_pb_counters][et_pb_text _builder_version=&#8220;4.11.1&#8243; _module_preset=&#8220;default&#8220; text_font=&#8220;||||||||&#8220; text_text_color=&#8220;#509E2F&#8220; text_font_size=&#8220;20px&#8220; global_colors_info=&#8220;{}&#8220;]223[\/et_pb_text][\/et_pb_column][\/et_pb_row][\/et_pb_section]<\/p>\n","protected":false},"excerpt":{"rendered":"<p>UnternehmensstrukturNachhaltigkeitsbericht 2018 \u2013 2020 der AVG K\u00f6lnErl\u00e4uterung Gesch\u00e4ftsmodellDie AVG K\u00f6ln ist ein mittelst\u00e4ndisches Unternehmen der Abfallwirtschaft in K\u00f6ln. Gegr\u00fcndet 1992, betreibt sie im Auftrag der Stadt K\u00f6ln Anlagen zur stofflichen und thermischen Verwertung des Abfalls. Gemeinsam mit ihren Tochtergesellschaften AVG Kompostierung, AVG Ressourcen und AVG Service stellt sie der Kommune, deren B\u00fcrgerinnen und B\u00fcrgern wie [&hellip;]<\/p>\n","protected":false},"author":3,"featured_media":0,"parent":0,"menu_order":0,"comment_status":"closed","ping_status":"closed","template":"","meta":{"_et_pb_use_builder":"on","_et_pb_old_content":"","_et_gb_content_width":"","footnotes":""},"class_list":["post-54","page","type-page","status-publish","hentry"],"_links":{"self":[{"href":"https:\/\/www.avgkoeln.de\/avg_nachhaltigkeitsbericht_2020\/index.php?rest_route=\/wp\/v2\/pages\/54","targetHints":{"allow":["GET"]}}],"collection":[{"href":"https:\/\/www.avgkoeln.de\/avg_nachhaltigkeitsbericht_2020\/index.php?rest_route=\/wp\/v2\/pages"}],"about":[{"href":"https:\/\/www.avgkoeln.de\/avg_nachhaltigkeitsbericht_2020\/index.php?rest_route=\/wp\/v2\/types\/page"}],"author":[{"embeddable":true,"href":"https:\/\/www.avgkoeln.de\/avg_nachhaltigkeitsbericht_2020\/index.php?rest_route=\/wp\/v2\/users\/3"}],"replies":[{"embeddable":true,"href":"https:\/\/www.avgkoeln.de\/avg_nachhaltigkeitsbericht_2020\/index.php?rest_route=%2Fwp%2Fv2%2Fcomments&post=54"}],"version-history":[{"count":97,"href":"https:\/\/www.avgkoeln.de\/avg_nachhaltigkeitsbericht_2020\/index.php?rest_route=\/wp\/v2\/pages\/54\/revisions"}],"predecessor-version":[{"id":235554,"href":"https:\/\/www.avgkoeln.de\/avg_nachhaltigkeitsbericht_2020\/index.php?rest_route=\/wp\/v2\/pages\/54\/revisions\/235554"}],"wp:attachment":[{"href":"https:\/\/www.avgkoeln.de\/avg_nachhaltigkeitsbericht_2020\/index.php?rest_route=%2Fwp%2Fv2%2Fmedia&parent=54"}],"curies":[{"name":"wp","href":"https:\/\/api.w.org\/{rel}","templated":true}]}}