{"id":54,"date":"2021-10-06T14:00:46","date_gmt":"2021-10-06T12:00:46","guid":{"rendered":"https:\/\/malzkorn.de\/digi2021\/?page_id=54"},"modified":"2025-05-16T11:12:37","modified_gmt":"2025-05-16T09:12:37","slug":"unternehmensstruktur","status":"publish","type":"page","link":"https:\/\/www.avgkoeln.de\/avg_nachhaltigkeitsbericht_2023\/unternehmensstruktur\/","title":{"rendered":"Unternehmensstruktur"},"content":{"rendered":"<p>[et_pb_section fb_built=&#8220;1&#8243; admin_label=&#8220;Header Unterseiten&#8220; _builder_version=&#8220;4.11.1&#8243; _module_preset=&#8220;fb1527ff-da70-4e1f-9586-0ad5ba39e83a&#8220; custom_margin=&#8220;0px|0px|0px|0px|false|false&#8220; custom_padding=&#8220;50px|50px|0px|50px|false|false&#8220; hover_enabled=&#8220;0&#8243; collapsed=&#8220;off&#8220; global_colors_info=&#8220;{}&#8220; width=&#8220;100%&#8220; max_width=&#8220;100%&#8220; sticky_enabled=&#8220;0&#8243;][et_pb_row column_structure=&#8220;2_5,3_5&#8243; _builder_version=&#8220;4.11.1&#8243; _module_preset=&#8220;abeeeeb8-d367-49a2-a7ff-5354fff4c7d3&#8243; background_enable_image=&#8220;off&#8220; min_height=&#8220;550px&#8220; height=&#8220;550px&#8220; hover_enabled=&#8220;0&#8243; collapsed=&#8220;on&#8220; global_colors_info=&#8220;{}&#8220; use_custom_gutter=&#8220;on&#8220; gutter_width=&#8220;1&#8243; make_equal=&#8220;on&#8220; width=&#8220;100%&#8220; max_width=&#8220;100%&#8220; module_alignment_last_edited=&#8220;off|desktop&#8220; sticky_enabled=&#8220;0&#8243; min_height_last_edited=&#8220;on|desktop&#8220;][et_pb_column type=&#8220;2_5&#8243; _builder_version=&#8220;4.11.1&#8243; _dynamic_attributes=&#8220;link_option_url&#8220; _module_preset=&#8220;default&#8220; background_color=&#8220;#c6c6c6&#8243; background_image=&#8220;https:\/\/www.avgkoeln.de\/avg_nachhaltigkeitsbericht_2023\/wp-content\/uploads\/2021\/10\/Unternehmensstruktur_01-web.jpg&#8220; custom_padding=&#8220;||||false|false&#8220; custom_padding_tablet=&#8220;100px||100px||false|false&#8220; custom_padding_phone=&#8220;&#8220; custom_padding_last_edited=&#8220;on|tablet&#8220; link_option_url=&#8220;@ET-DC@eyJkeW5hbWljIjp0cnVlLCJjb250ZW50IjoicG9zdF9saW5rX3VybF9wYWdlIiwic2V0dGluZ3MiOnsicG9zdF9pZCI6IjYwIn19@&#8220; global_colors_info=&#8220;{}&#8220; background__hover_enabled=&#8220;off|desktop&#8220; background_color__hover=&#8220;rgba(0,98,152,0.73)&#8220; background_enable_color__hover=&#8220;on&#8220;][\/et_pb_column][et_pb_column type=&#8220;3_5&#8243; _builder_version=&#8220;4.11.1&#8243; _dynamic_attributes=&#8220;link_option_url&#8220; _module_preset=&#8220;default&#8220; background_color=&#8220;#6cace4&#8243; background_enable_image=&#8220;off&#8220; parallax=&#8220;on&#8220; custom_padding=&#8220;||||false|false&#8220; custom_padding_tablet=&#8220;20px||100px||false|false&#8220; custom_padding_phone=&#8220;&#8220; custom_padding_last_edited=&#8220;on|tablet&#8220; link_option_url=&#8220;@ET-DC@eyJkeW5hbWljIjp0cnVlLCJjb250ZW50IjoicG9zdF9saW5rX3VybF9wYWdlIiwic2V0dGluZ3MiOnsicG9zdF9pZCI6IjU0In19@&#8220; global_colors_info=&#8220;{}&#8220; background__hover_enabled=&#8220;off|desktop&#8220; background_color__hover=&#8220;rgba(108,172,228,0.71)&#8220; background_enable_color__hover=&#8220;on&#8220;][et_pb_text _builder_version=&#8220;4.11.1&#8243; _module_preset=&#8220;3e5bfaf3-f871-4b85-9ad1-dd3e9845d179&#8243; custom_margin=&#8220;40px||50px|50px|false|false&#8220; custom_padding=&#8220;0px|0px|0px|0px|false|false&#8220; hover_enabled=&#8220;0&#8243; global_colors_info=&#8220;{}&#8220; header_text_color=&#8220;#FFFFFF&#8220; sticky_enabled=&#8220;0&#8243;]<\/p>\n<h1>Unternehmensstruktur<\/h1>\n<p>[\/et_pb_text][et_pb_image src=&#8220;https:\/\/www.avgkoeln.de\/avg_nachhaltigkeitsbericht_2023\/wp-content\/uploads\/2021\/12\/Unternehmen-Neu.png&#8220; title_text=&#8220;Unternehmen-Neu&#8220; show_bottom_space=&#8220;off&#8220; align=&#8220;right&#8220; _builder_version=&#8220;4.11.1&#8243; _module_preset=&#8220;default&#8220; transform_translate=&#8220;0px|3px&#8220; positioning=&#8220;absolute&#8220; position_origin_a=&#8220;bottom_right&#8220; width=&#8220;35%&#8220; width_tablet=&#8220;25%&#8220; width_phone=&#8220;35%&#8220; width_last_edited=&#8220;on|tablet&#8220; max_width=&#8220;35%&#8220; custom_margin=&#8220;||40px||false|false&#8220; custom_padding=&#8220;|40px|||false|false&#8220; global_colors_info=&#8220;{}&#8220;][\/et_pb_image][\/et_pb_column][\/et_pb_row][\/et_pb_section][et_pb_section fb_built=&#8220;1&#8243; admin_label=&#8220;Content&#8220; _builder_version=&#8220;4.11.1&#8243; _module_preset=&#8220;1b63dbab-f1c5-4026-9e7d-d904b59e92e3&#8243; global_colors_info=&#8220;{}&#8220;][et_pb_row column_structure=&#8220;1_4,3_4&#8243; use_custom_gutter=&#8220;on&#8220; gutter_width=&#8220;1&#8243; _builder_version=&#8220;4.11.1&#8243; _module_preset=&#8220;39919aa8-b191-4761-bae3-3380b9dd0cd7&#8243; width=&#8220;100%&#8220; max_width=&#8220;100%&#8220; max_height=&#8220;100%&#8220; custom_margin=&#8220;0px|0px|0px|0px|false|false&#8220; custom_padding=&#8220;10px|0px|0px|0px|false|false&#8220; global_colors_info=&#8220;{}&#8220;][et_pb_column type=&#8220;1_4&#8243; _builder_version=&#8220;4.11.1&#8243; _module_preset=&#8220;default&#8220; custom_padding_tablet=&#8220;&#8220; custom_padding_phone=&#8220;&#8220; custom_padding_last_edited=&#8220;on|tablet&#8220; global_colors_info=&#8220;{}&#8220;][et_pb_image src=&#8220;https:\/\/www.avgkoeln.de\/avg_nachhaltigkeitsbericht_2023\/wp-content\/uploads\/2021\/12\/1LOGO_AVG_FINAL_2013_NEGATIV_RZ_1000.png&#8220; title_text=&#8220;1LOGO_AVG_FINAL_2013_NEGATIV_RZ_1000&#8243; align_tablet=&#8220;right&#8220; align_phone=&#8220;left&#8220; _builder_version=&#8220;4.11.1&#8243; _module_preset=&#8220;272a88eb-5efb-400c-a8c2-5dc35e799886&#8243; global_colors_info=&#8220;{}&#8220;][\/et_pb_image][\/et_pb_column][et_pb_column type=&#8220;3_4&#8243; _builder_version=&#8220;4.11.1&#8243; _module_preset=&#8220;4d5e29bc-87a8-441c-ab7f-f1dc704c2fb1&#8243; custom_padding=&#8220;|||40px|false|false&#8220; global_colors_info=&#8220;{}&#8220;][et_pb_text _builder_version=&#8220;4.11.1&#8243; _module_preset=&#8220;default&#8220; custom_margin=&#8220;120px||0px||false|false&#8220; custom_margin_tablet=&#8220;60px||0px||false|false&#8220; custom_margin_phone=&#8220;||30px||false|false&#8220; custom_margin_last_edited=&#8220;on|phone&#8220; global_colors_info=&#8220;{}&#8220;]<\/p>\n<h1>Erl\u00e4uterung Gesch\u00e4ftsmodell<\/h1>\n<p>[\/et_pb_text][\/et_pb_column][\/et_pb_row][et_pb_row column_structure=&#8220;1_4,3_4&#8243; _builder_version=&#8220;4.11.1&#8243; _module_preset=&#8220;b0388cd4-bc8a-42e1-8f4a-b6520b16ba6e&#8220; custom_margin=&#8220;|0px|0px|0px|false|false&#8220; custom_margin_tablet=&#8220;0px||||false|false&#8220; custom_margin_phone=&#8220;&#8220; custom_margin_last_edited=&#8220;on|phone&#8220; global_colors_info=&#8220;{}&#8220;][et_pb_column type=&#8220;1_4&#8243; _builder_version=&#8220;4.11.1&#8243; _module_preset=&#8220;default&#8220; custom_padding_tablet=&#8220;0px||25px||false|false&#8220; custom_padding_phone=&#8220;&#8220; custom_padding_last_edited=&#8220;on|tablet&#8220; global_colors_info=&#8220;{}&#8220;][\/et_pb_column][et_pb_column type=&#8220;3_4&#8243; _builder_version=&#8220;4.11.1&#8243; _module_preset=&#8220;fc4cb25d-43e8-4bbe-8972-5e6c20393322&#8243; global_colors_info=&#8220;{}&#8220;][et_pb_text _builder_version=&#8220;4.11.1&#8243; _module_preset=&#8220;default&#8220; custom_margin=&#8220;||||false|false&#8220; custom_padding=&#8220;|||0px||&#8220; hover_enabled=&#8220;0&#8243; global_colors_info=&#8220;{}&#8220; sticky_enabled=&#8220;0&#8243;]<\/p>\n<p><span>Die\u00a0AVG K\u00f6ln\u00a0ist ein mittelst\u00e4ndisches Unternehmen der Abfallwirtschaft in K\u00f6ln. Gegr\u00fcndet 1992, betreibt sie im Auftrag der Stadt K\u00f6ln Anlagen zur stofflichen und thermischen Verwertung des Abfalls. Gemeinsam mit ihren Tochtergesellschaften AVG Kompostierung, AVG Ressourcen und AVG Service stellt sie der Kommune, deren B\u00fcrgerinnen und B\u00fcrgern wie insbesondere auch den in der Rheinmetropole ans\u00e4ssigen Unternehmen eine Vielzahl von Dienstleistungen zur Verf\u00fcgung.<\/span><\/p>\n<p><span>Die gesetzliche Grundlage ihres Handelns bildet die Abfallrahmenrichtlinie der Europ\u00e4ischen Union vom 19. November 2008, umgesetzt durch das Kreislaufwirtschaftsgesetz vom 24. Februar 2012. Daraus leiten sich weitere Richtlinien und Verordnungen ab, die f\u00fcr die AVG K\u00f6ln und ihre Tochtergesellschaften bindend sind.<\/span><\/p>\n<p><span>Der Schwerpunkt ihrer T\u00e4tigkeit liegt in der Region K\u00f6ln. Vorrang hat die Verarbeitung des Abfalls aus den K\u00f6lner Privathaushalten, sei es der Bioabfall, der Sperrm\u00fcll oder der Resthausm\u00fcll. Hierzu hat die Stadt K\u00f6ln mit der AVG K\u00f6ln einen Entsorgungsvertrag geschlossen, der u. a. beinhaltet, dass zuerst der Siedlungsabfall aus den Haushalten verarbeitet werden muss, ehe Abf\u00e4lle aus dem Gewerbe oder der Industrie bzw. aus dem Umland behandelt werden k\u00f6nnen. Die Kompostierungsanlage, die Sperrm\u00fcllaufbereitungsanlage wie auch die Restm\u00fcllverbrennungsanlage tragen dem Rechnung.<\/span><\/p>\n<p><span>Das K\u00f6lner Abfallwirtschaftskonzept beschreibt bereits in seiner ersten Fassung vom 13. Dezember 1988 nicht nur die Behandlung von Abf\u00e4llen aus privaten Haushalten, sondern auch von Gewerbe- und Baustellenabf\u00e4llen. Die AVG K\u00f6ln setzte diese Vorgaben um, indem die AVG Ressourcen beauftragt wurde, entsprechende Sortieranlagen zu betreiben.<\/span><\/p>\n<p><span>Zur Sicherung und Stabilisierung der Gesch\u00e4ftst\u00e4tigkeit sind im Berichtszeitraum zwei wesentliche Entscheidungen gefallen. 2023 wurde der Entsorgungsvertrag zwischen der AVG K\u00f6ln und der Stadt K\u00f6ln vorzeitig um zehn Jahre bis Ende 2035 verl\u00e4ngert. Ebenfalls 2023 erhielt die AVG K\u00f6ln gemeinsam mit ihren Deponienachbarn die Genehmigung zum Weiterbetrieb des Standorts Vereinigte Ville. Dies sorgt f\u00fcr eine Langfristperspektive bis zum Jahr 2090. \u00a0<\/span><\/p>\n<p><span><\/span><\/p>\n<h3><strong>Im Anlagenportfolio der AVG K\u00f6ln und ihrer Tochtergesellschaften befinden sich:<\/strong><\/h3>\n<ul>\n<li>zwei Anlagen zur Sortierung und Verwertung von Baumisch- und Gewerbeabf\u00e4llen mit einer Gesamtkapazit\u00e4t von \u00fcber 350.000 Jahrestonnen<\/li>\n<li>eine Kompostierungsanlage mit einer Kapazit\u00e4t von \u00fcber 100.000 Jahrestonnen<\/li>\n<li>eine Verg\u00e4rungsanlage mit einer Kapazit\u00e4t von 20.000 Jahrestonnen<\/li>\n<li>eine Sperrm\u00fcllaufbereitungsanlage f\u00fcr rund 60.000 Jahrestonnen<\/li>\n<li>eine Holzaufbereitungsanlage f\u00fcr bis zu 100.000 Jahrestonnen<\/li>\n<li>eine Restm\u00fcllverbrennungsanlage mit einer genehmigten j\u00e4hrlichen Verbrennungsleistung von maximal 780.000 Tonnen. Die Restm\u00fcllverbrennungsanlage verf\u00fcgt zudem \u00fcber eine Kraft-W\u00e4rme-Kopplungsanlage mit einer Turbinenleistung von 56 Megawatt<\/li>\n<li>ein Blockheizkraftwerk auf der Deponie Vereinigte Ville mit einer Leistung von 3 Megawatt zur energetischen Nutzung des anfallenden Deponiegases sowie eine Inertstoffdeponie mit einem Restverf\u00fcllvolumen von knapp 1,4 Mio. Kubikmetern (Stand 31. 12. 2023)<\/li>\n<li>eine Fluffanlage zur Herstellung energiereicher Kunststoffabf\u00e4lle mit einer Kapazit\u00e4t von 20.000 Jahrestonnen<\/li>\n<li>zwei Solaranlagen auf den D\u00e4chern der Kompostierungsanlage bzw. der ehemaligen Rostascheaufbereitungsanlage \u2013 betrieben und im Eigentum der RheinEnergie AG.<\/li>\n<\/ul>\n<p>[\/et_pb_text][\/et_pb_column][\/et_pb_row][\/et_pb_section]<\/p>\n","protected":false},"excerpt":{"rendered":"<p>UnternehmensstrukturErl\u00e4uterung Gesch\u00e4ftsmodellDie\u00a0AVG K\u00f6ln\u00a0ist ein mittelst\u00e4ndisches Unternehmen der Abfallwirtschaft in K\u00f6ln. Gegr\u00fcndet 1992, betreibt sie im Auftrag der Stadt K\u00f6ln Anlagen zur stofflichen und thermischen Verwertung des Abfalls. Gemeinsam mit ihren Tochtergesellschaften AVG Kompostierung, AVG Ressourcen und AVG Service stellt sie der Kommune, deren B\u00fcrgerinnen und B\u00fcrgern wie insbesondere auch den in der Rheinmetropole ans\u00e4ssigen Unternehmen [&hellip;]<\/p>\n","protected":false},"author":1,"featured_media":0,"parent":0,"menu_order":0,"comment_status":"closed","ping_status":"closed","template":"","meta":{"_et_pb_use_builder":"on","_et_pb_old_content":"","_et_gb_content_width":"","footnotes":""},"class_list":["post-54","page","type-page","status-publish","hentry"],"_links":{"self":[{"href":"https:\/\/www.avgkoeln.de\/avg_nachhaltigkeitsbericht_2023\/wp-json\/wp\/v2\/pages\/54","targetHints":{"allow":["GET"]}}],"collection":[{"href":"https:\/\/www.avgkoeln.de\/avg_nachhaltigkeitsbericht_2023\/wp-json\/wp\/v2\/pages"}],"about":[{"href":"https:\/\/www.avgkoeln.de\/avg_nachhaltigkeitsbericht_2023\/wp-json\/wp\/v2\/types\/page"}],"author":[{"embeddable":true,"href":"https:\/\/www.avgkoeln.de\/avg_nachhaltigkeitsbericht_2023\/wp-json\/wp\/v2\/users\/1"}],"replies":[{"embeddable":true,"href":"https:\/\/www.avgkoeln.de\/avg_nachhaltigkeitsbericht_2023\/wp-json\/wp\/v2\/comments?post=54"}],"version-history":[{"count":4,"href":"https:\/\/www.avgkoeln.de\/avg_nachhaltigkeitsbericht_2023\/wp-json\/wp\/v2\/pages\/54\/revisions"}],"predecessor-version":[{"id":235396,"href":"https:\/\/www.avgkoeln.de\/avg_nachhaltigkeitsbericht_2023\/wp-json\/wp\/v2\/pages\/54\/revisions\/235396"}],"wp:attachment":[{"href":"https:\/\/www.avgkoeln.de\/avg_nachhaltigkeitsbericht_2023\/wp-json\/wp\/v2\/media?parent=54"}],"curies":[{"name":"wp","href":"https:\/\/api.w.org\/{rel}","templated":true}]}}